{"id":320,"date":"2024-03-04T18:35:02","date_gmt":"2024-03-04T17:35:02","guid":{"rendered":"https:\/\/veinterface.com\/?page_id=320"},"modified":"2026-03-27T15:50:34","modified_gmt":"2026-03-27T14:50:34","slug":"entreprise-et-partenaires","status":"publish","type":"page","link":"https:\/\/veinterface.com\/index.php\/entreprise-et-partenaires\/","title":{"rendered":"Entreprise et partenaires"},"content":{"rendered":"\t\t<div data-elementor-type=\"wp-page\" data-elementor-id=\"320\" class=\"elementor elementor-320\">\n\t\t\t\t<div class=\"elementor-element elementor-element-b994b8e e-flex e-con-boxed e-con e-parent\" data-id=\"b994b8e\" data-element_type=\"container\" data-e-type=\"container\" data-settings=\"{&quot;background_background&quot;:&quot;classic&quot;}\">\n\t\t\t\t\t<div class=\"e-con-inner\">\n\t\t\t\t<div class=\"elementor-element elementor-element-fe18abf elementor-widget elementor-widget-heading\" data-id=\"fe18abf\" data-element_type=\"widget\" data-e-type=\"widget\" data-widget_type=\"heading.default\">\n\t\t\t\t<div class=\"elementor-widget-container\">\n\t\t\t\t\t<h1 class=\"elementor-heading-title elementor-size-default\">Entreprise et partenaires<\/h1>\t\t\t\t<\/div>\n\t\t\t\t<\/div>\n\t\t\t\t<div class=\"elementor-element elementor-element-7c4dfa7 elementor-widget-divider--view-line elementor-widget elementor-widget-divider\" data-id=\"7c4dfa7\" data-element_type=\"widget\" data-e-type=\"widget\" data-widget_type=\"divider.default\">\n\t\t\t\t<div class=\"elementor-widget-container\">\n\t\t\t\t\t\t\t<div class=\"elementor-divider\">\n\t\t\t<span class=\"elementor-divider-separator\">\n\t\t\t\t\t\t<\/span>\n\t\t<\/div>\n\t\t\t\t\t\t<\/div>\n\t\t\t\t<\/div>\n\t\t\t\t<div class=\"elementor-element elementor-element-f73afee elementor-widget elementor-widget-heading\" data-id=\"f73afee\" data-element_type=\"widget\" data-e-type=\"widget\" data-widget_type=\"heading.default\">\n\t\t\t\t<div class=\"elementor-widget-container\">\n\t\t\t\t\t<h2 class=\"elementor-heading-title elementor-size-default\">Value Environmental Interface<\/h2>\t\t\t\t<\/div>\n\t\t\t\t<\/div>\n\t\t\t\t\t<\/div>\n\t\t\t\t<\/div>\n\t\t<div class=\"elementor-element elementor-element-6f703b4 e-flex e-con-boxed e-con e-parent\" data-id=\"6f703b4\" data-element_type=\"container\" data-e-type=\"container\">\n\t\t\t\t\t<div class=\"e-con-inner\">\n\t\t\t\t<div class=\"elementor-element elementor-element-d881ef1 elementor-widget elementor-widget-heading\" data-id=\"d881ef1\" data-element_type=\"widget\" data-e-type=\"widget\" data-widget_type=\"heading.default\">\n\t\t\t\t<div class=\"elementor-widget-container\">\n\t\t\t\t\t<h2 class=\"elementor-heading-title elementor-size-default\">Fondateur et General Manager<\/h2>\t\t\t\t<\/div>\n\t\t\t\t<\/div>\n\t\t\t\t\t<\/div>\n\t\t\t\t<\/div>\n\t\t<div class=\"elementor-element elementor-element-e681ef7 e-flex e-con-boxed e-con e-parent\" data-id=\"e681ef7\" data-element_type=\"container\" data-e-type=\"container\">\n\t\t\t\t\t<div class=\"e-con-inner\">\n\t\t\t\t<div class=\"elementor-element elementor-element-40809f6 elementor-widget elementor-widget-heading\" data-id=\"40809f6\" data-element_type=\"widget\" data-e-type=\"widget\" data-widget_type=\"heading.default\">\n\t\t\t\t<div class=\"elementor-widget-container\">\n\t\t\t\t\t<h1 class=\"elementor-heading-title elementor-size-default\">Eric Villepreux\n<\/h1>\t\t\t\t<\/div>\n\t\t\t\t<\/div>\n\t\t\t\t\t<\/div>\n\t\t\t\t<\/div>\n\t\t<div class=\"elementor-element elementor-element-40cf215 e-flex e-con-boxed e-con e-parent\" data-id=\"40cf215\" data-element_type=\"container\" data-e-type=\"container\">\n\t\t\t\t\t<div class=\"e-con-inner\">\n\t\t\t\t<div class=\"elementor-element elementor-element-0c9cd88 elementor-widget elementor-widget-text-editor\" data-id=\"0c9cd88\" data-element_type=\"widget\" data-e-type=\"widget\" data-widget_type=\"text-editor.default\">\n\t\t\t\t<div class=\"elementor-widget-container\">\n\t\t\t\t\t\t\t\t\t<p style=\"text-align: left;\"><img fetchpriority=\"high\" decoding=\"async\" class=\"alignleft wp-image-686 size-medium\" src=\"http:\/\/veinterface.com\/wp-content\/uploads\/2024\/12\/p4-300x300.png\" alt=\"Eric Villepreux\" width=\"300\" height=\"300\" srcset=\"https:\/\/veinterface.com\/wp-content\/uploads\/2024\/12\/p4-300x300.png 300w, https:\/\/veinterface.com\/wp-content\/uploads\/2024\/12\/p4-150x150.png 150w, https:\/\/veinterface.com\/wp-content\/uploads\/2024\/12\/p4.png 331w\" sizes=\"(max-width: 300px) 100vw, 300px\" \/>Eric commence sa carri\u00e8re dans le forage en 1987 en rejoignant une soci\u00e9t\u00e9 internationale de<br \/>\u2018mud logging\u2019, for de son BTS de Physique Chimie et de son DEUG A \u2018Sciences et Structure<br \/>de la mati\u00e8re\u2019 il int\u00e8gre tr\u00e8s rapidement la soci\u00e9t\u00e9 IDF (International Drilling Fluids) leader<br \/>mondial des Fluides de Forage, en tant que Technicien Boues de Forage. Lors du rachat<br \/>d\u2019IDF par Schlumberger il sera s\u00e9lectionn\u00e9 pour suivre une formation compl\u00e8te de Manager<br \/>Cimentation (Dowell-SLB) qui lui permettra d\u2019acc\u00e9der au poste de Chef de Base au<br \/>Cameroun, en charge de 5 pays.<\/p><p>Puis, il choisit de travailler en tant que consultant, pendant 5 ann\u00e9es, en Mer du Nord, pour<br \/>TotalEnergies, o\u00f9 il note avec grand int\u00e9r\u00eat les r\u00e8glementations naissantes en mati\u00e8re<br \/>d\u2019environnement (DTI) ce qui l\u2019incitera \u00e0 approfondir ses connaissances dans ce domaine, il<br \/>reprend le chemin de l\u2019universit\u00e9 (INPL) en 2009 pour un Master en Gestion de<br \/>l\u2019Environnement .<\/p><p>A partir de cette p\u00e9riode, 2010, Superintendant Fluides et Ciments, responsable \u00e9galement de<br \/>la gestion raisonn\u00e9e des d\u00e9blais, il n\u2019aura de cesse d\u2019incorporer tout d\u2019abord les crit\u00e8res<br \/>environnementaux dans ses choix de strat\u00e9gies op\u00e9rationnelles, puis les crit\u00e8res ESG, il<br \/>administre les Soci\u00e9t\u00e9s de Service avec ces m\u00eames valeurs en t\u00eate :<strong> \u00ab Je veux que votre<\/strong><br \/><strong>personnel soit heureux et fier de venir travailler sur nos installations \u00bb<\/strong><\/p><p>Eric promeut aupr\u00e8s des op\u00e9rateurs pour qui il travaille en tant que consultant, la prise en<br \/>compte des facteurs ESG aupr\u00e8s des responsables op\u00e9rationnels, contrats et achats, HSE, se<br \/>faisant l\u2019interface entre des obligations de conformit\u00e9 r\u00e8glementaire ou des d\u00e9sirs<br \/>d\u2019am\u00e9lioration des performances responsables et les op\u00e9rateurs des industries extractives<br \/>(P\u00e9trole et Gaz, G\u00e9othermie, Mine et Stockage)<\/p><p>En 2021 il cr\u00e9e le Cabinet de Conseil VE Interface au Gabon, tout en poursuivant des<br \/>missions de par le monde en tant qu\u2019Expert M\u00e9tier aupr\u00e8s de D\u00e9partements Juridiques<br \/>d\u2019Op\u00e9rateurs ou de Soci\u00e9t\u00e9s de Service (Domaines :Fluides, Ciments, Gestion des d\u00e9blais et<br \/>Facteurs ESG).<\/p>\t\t\t\t\t\t\t\t<\/div>\n\t\t\t\t<\/div>\n\t\t\t\t\t<\/div>\n\t\t\t\t<\/div>\n\t\t<div class=\"elementor-element elementor-element-c9eef36 e-flex e-con-boxed e-con e-parent\" data-id=\"c9eef36\" data-element_type=\"container\" data-e-type=\"container\">\n\t\t\t\t\t<div class=\"e-con-inner\">\n\t\t\t\t<div class=\"elementor-element elementor-element-24abfac elementor-widget elementor-widget-heading\" data-id=\"24abfac\" data-element_type=\"widget\" data-e-type=\"widget\" data-widget_type=\"heading.default\">\n\t\t\t\t<div class=\"elementor-widget-container\">\n\t\t\t\t\t<h2 class=\"elementor-heading-title elementor-size-default\">Les partenaires<\/h2>\t\t\t\t<\/div>\n\t\t\t\t<\/div>\n\t\t\t\t\t<\/div>\n\t\t\t\t<\/div>\n\t\t<div class=\"elementor-element elementor-element-8cc082b e-flex e-con-boxed e-con e-parent\" data-id=\"8cc082b\" data-element_type=\"container\" data-e-type=\"container\">\n\t\t\t\t\t<div class=\"e-con-inner\">\n\t\t<div class=\"elementor-element elementor-element-d783963 e-con-full e-flex e-con e-child\" data-id=\"d783963\" data-element_type=\"container\" data-e-type=\"container\">\n\t\t\t\t<div class=\"elementor-element elementor-element-42d9ce0 elementor-widget elementor-widget-heading\" data-id=\"42d9ce0\" data-element_type=\"widget\" data-e-type=\"widget\" data-widget_type=\"heading.default\">\n\t\t\t\t<div class=\"elementor-widget-container\">\n\t\t\t\t\t<h2 class=\"elementor-heading-title elementor-size-default\">Drilling-Experts\nLegal Services<\/h2>\t\t\t\t<\/div>\n\t\t\t\t<\/div>\n\t\t\t\t<div class=\"elementor-element elementor-element-6f79078 eael-team-align-eael-team-align-default elementor-widget elementor-widget-eael-team-member\" data-id=\"6f79078\" data-element_type=\"widget\" data-e-type=\"widget\" data-widget_type=\"eael-team-member.default\">\n\t\t\t\t<div class=\"elementor-widget-container\">\n\t\t\t\t\t\n\n\t<div id=\"eael-team-member-6f79078\" class=\"eael-team-item eael-team-members-simple \">\n\t\t<div class=\"eael-team-item-inner\">\n\t\t\t<div class=\"eael-team-image\">\n\t\t\t\t<figure>\n\t\t\t\t\t\t\t\t\t\t<img decoding=\"async\" src=\"https:\/\/veinterface.com\/wp-content\/uploads\/2024\/12\/p3-300x300.png\" alt=\"\">\n\t\t\t\t\t\t\t\t\t<\/figure>\n\t\t\t\t\n\t\t\t\t\n\t\t\t<\/div>\n\n\t\t\t<div class=\"eael-team-content\">\n\t\t\t\t<h2 class=\"eael-team-member-name\">Steve Devereux<\/h2><h3 class=\"eael-team-member-position\">Drilling Expert Witness<\/h3>\n\t\t\t\t\t\t\t\t\t\t\t\t\t\t\t<ul class=\"eael-team-member-social-profiles\">\n\t\t\t\t\t\t\t\t\t\t\t\t\t\t\t\t\t\t\t\t\t\t\t\t\t\t\t\t\t\t\t\t\t\t\t\t\t\t\t\t\t<li class=\"eael-team-member-social-link\">\n\t\t\t\t\t\t\t\t\t\t<a href=\"https:\/\/www.linkedin.com\/in\/steve-devereux\/\" target=\"_blank\" rel=\"noopener noreferrer nofollow\">\n\t\t\t\t\t\t\t\t\t\t\t\t\t\t\t\t\t\t\t\t\t\t\t<svg aria-hidden=\"true\" class=\"e-font-icon-svg e-fab-linkedin\" viewBox=\"0 0 448 512\" xmlns=\"http:\/\/www.w3.org\/2000\/svg\"><path d=\"M416 32H31.9C14.3 32 0 46.5 0 64.3v383.4C0 465.5 14.3 480 31.9 480H416c17.6 0 32-14.5 32-32.3V64.3c0-17.8-14.4-32.3-32-32.3zM135.4 416H69V202.2h66.5V416zm-33.2-243c-21.3 0-38.5-17.3-38.5-38.5S80.9 96 102.2 96c21.2 0 38.5 17.3 38.5 38.5 0 21.3-17.2 38.5-38.5 38.5zm282.1 243h-66.4V312c0-24.8-.5-56.7-34.5-56.7-34.6 0-39.9 27-39.9 54.9V416h-66.4V202.2h63.7v29.2h.9c8.9-16.8 30.6-34.5 62.9-34.5 67.2 0 79.7 44.3 79.7 101.9V416z\"><\/path><\/svg>\t\t\t\t\t\t\t\t\t\t\t\t\t\t\t\t\t\t\t\t\t<\/a>\n\t\t\t\t\t\t\t\t\t<\/li>\n\t\t\t\t\t\t\t\t\t\t\t\t\t\t\t\t\t\t\t\t\t<\/ul>\n\t\t\t\t\t\t\t\t\t\t<p class=\"eael-team-text\">Est intervenu \u00e0 titre de T\u00e9moin Expert en forage et d'Arbitre dans plus de 100 litiges.\nDipl\u00f4me d'ing\u00e9nieur a\u00e9ronautique, puis plus de 40 ann\u00e9es d'exp\u00e9rience dans le forage de\npuits P\u00e9troliers, Gaziers et et de G\u00e9othermie \u00e0 l'international. Enqu\u00eateur principal de\n'Taproot'. Ing\u00e9nieur agr\u00e9\u00e9. Fellow du 'Chartered Institute of Arbitrators', membre de\nl'Acad\u00e9mie des Experts. Auteur publi\u00e9.<\/p>\n\t\t\t\t\t\t\t<\/div>\n\t\t<\/div>\n\t<\/div>\n\t\t\t\t\t<\/div>\n\t\t\t\t<\/div>\n\t\t\t\t<\/div>\n\t\t<div class=\"elementor-element elementor-element-9fef04e e-con-full e-flex e-con e-child\" data-id=\"9fef04e\" data-element_type=\"container\" data-e-type=\"container\">\n\t\t\t\t<div class=\"elementor-element elementor-element-6d8135f elementor-widget elementor-widget-image\" data-id=\"6d8135f\" data-element_type=\"widget\" data-e-type=\"widget\" data-widget_type=\"image.default\">\n\t\t\t\t<div class=\"elementor-widget-container\">\n\t\t\t\t\t\t\t\t\t\t\t\t\t\t\t<img decoding=\"async\" width=\"300\" height=\"151\" src=\"https:\/\/veinterface.com\/wp-content\/uploads\/2025\/02\/logodiag26000_2021-300x151.png\" class=\"attachment-medium size-medium wp-image-773\" alt=\"logo diag_26000\" srcset=\"https:\/\/veinterface.com\/wp-content\/uploads\/2025\/02\/logodiag26000_2021-300x151.png 300w, https:\/\/veinterface.com\/wp-content\/uploads\/2025\/02\/logodiag26000_2021-e1740041733185.png 100w\" sizes=\"(max-width: 300px) 100vw, 300px\" \/>\t\t\t\t\t\t\t\t\t\t\t\t\t\t\t<\/div>\n\t\t\t\t<\/div>\n\t\t\t\t<div class=\"elementor-element elementor-element-029a7db elementor-widget elementor-widget-heading\" data-id=\"029a7db\" data-element_type=\"widget\" data-e-type=\"widget\" data-widget_type=\"heading.default\">\n\t\t\t\t<div class=\"elementor-widget-container\">\n\t\t\t\t\t<h3 class=\"elementor-heading-title elementor-size-default\">L'association DIAG 26000<\/h3>\t\t\t\t<\/div>\n\t\t\t\t<\/div>\n\t\t\t\t<div class=\"elementor-element elementor-element-2d5e262 elementor-widget elementor-widget-text-editor\" data-id=\"2d5e262\" data-element_type=\"widget\" data-e-type=\"widget\" data-widget_type=\"text-editor.default\">\n\t\t\t\t<div class=\"elementor-widget-container\">\n\t\t\t\t\t\t\t\t\t<p><strong>Un r\u00e9seau d\u2019entreprises de conseil<\/strong> dans le domaine de la RSO (dont VE Interface), disponibles pour vous aider a\u0300 analyser votre\u00a0situation, puis pour vous accompagner dans l\u2019animation de votre d\u00e9marche (priorisation, groupe de travail, communication, r\u00e9daction des rapports\u2026)<\/p><p><strong>Un comit\u00e9 scientifique<\/strong> qui donne son avis sur les \u00e9volutions de Diag26000, facilite l\u2019utilisation des donn\u00e9es par le monde universitaire et acad\u00e9mique et \u00e9tabli des liens avec les autres r\u00e9seaux RSE.<\/p><p><strong>Une Plateforme SaaS<\/strong> qui recueille les r\u00e9ponses et pr\u00e9sente son profil \u00e0 chaque participant. Ainsi il est possible de sensibiliser chaque collaborateur. La preuve d\u2019engagement, bas\u00e9e sur l\u2019usage participatif de l\u2019outil est un label RSE pratique pour afficher votre engagement.<\/p><p><strong>Un Outil collaboratif d\u2019interrogation des Parties Prenantes<\/strong><\/p>\t\t\t\t\t\t\t\t<\/div>\n\t\t\t\t<\/div>\n\t\t\t\t<div class=\"elementor-element elementor-element-375366b elementor-widget elementor-widget-image\" data-id=\"375366b\" data-element_type=\"widget\" data-e-type=\"widget\" data-widget_type=\"image.default\">\n\t\t\t\t<div class=\"elementor-widget-container\">\n\t\t\t\t\t\t\t\t\t\t\t\t\t\t\t<img decoding=\"async\" width=\"300\" height=\"243\" src=\"https:\/\/veinterface.com\/wp-content\/uploads\/2025\/02\/labelrse360-300x243.png\" class=\"attachment-medium size-medium wp-image-828\" alt=\"RSE 360\" srcset=\"https:\/\/veinterface.com\/wp-content\/uploads\/2025\/02\/labelrse360-300x243.png 300w, https:\/\/veinterface.com\/wp-content\/uploads\/2025\/02\/labelrse360.png 325w\" sizes=\"(max-width: 300px) 100vw, 300px\" \/>\t\t\t\t\t\t\t\t\t\t\t\t\t\t\t<\/div>\n\t\t\t\t<\/div>\n\t\t\t\t<\/div>\n\t\t<div class=\"elementor-element elementor-element-0b1a5aa e-con-full e-flex e-con e-child\" data-id=\"0b1a5aa\" data-element_type=\"container\" data-e-type=\"container\">\n\t\t\t\t<div class=\"elementor-element elementor-element-7c5d2a5 elementor-widget elementor-widget-heading\" data-id=\"7c5d2a5\" data-element_type=\"widget\" data-e-type=\"widget\" data-widget_type=\"heading.default\">\n\t\t\t\t<div class=\"elementor-widget-container\">\n\t\t\t\t\t<h2 class=\"elementor-heading-title elementor-size-default\">Cabinet Viz\u00e9<\/h2>\t\t\t\t<\/div>\n\t\t\t\t<\/div>\n\t\t\t\t<div class=\"elementor-element elementor-element-ab80661 elementor-widget__width-initial eael-team-align-eael-team-align-default elementor-widget elementor-widget-eael-team-member\" data-id=\"ab80661\" data-element_type=\"widget\" data-e-type=\"widget\" data-widget_type=\"eael-team-member.default\">\n\t\t\t\t<div class=\"elementor-widget-container\">\n\t\t\t\t\t\n\n\t<div id=\"eael-team-member-ab80661\" class=\"eael-team-item eael-team-members-simple \">\n\t\t<div class=\"eael-team-item-inner\">\n\t\t\t<div class=\"eael-team-image\">\n\t\t\t\t<figure>\n\t\t\t\t\t\t\t\t\t\t<img decoding=\"async\" src=\"https:\/\/veinterface.com\/wp-content\/uploads\/2025\/01\/d21a7ff3-3cb5-455b-8b8d-a3db93b3dd92-300x251.png\" alt=\"\">\n\t\t\t\t\t\t\t\t\t<\/figure>\n\t\t\t\t\n\t\t\t\t\n\t\t\t<\/div>\n\n\t\t\t<div class=\"eael-team-content\">\n\t\t\t\t<h2 class=\"eael-team-member-name\">Michael KOUIMA<\/h2><h3 class=\"eael-team-member-position\">Expert Carbone et Rapports ESG<\/h3>\n\t\t\t\t\t\t\t\t\t\t\t\t\t\t\t<ul class=\"eael-team-member-social-profiles\">\n\t\t\t\t\t\t\t\t\t\t\t\t\t\t\t\t\t\t\t\t\t\t\t\t\t\t\t\t\t\t\t\t\t\t\t\t\t\t\t\t\t<li class=\"eael-team-member-social-link\">\n\t\t\t\t\t\t\t\t\t\t<a href=\"https:\/\/www.linkedin.com\/in\/michael-kouima-mounguengui-certiosh-member-42b7a433\/\" target=\"_blank\" rel=\"noopener noreferrer nofollow\">\n\t\t\t\t\t\t\t\t\t\t\t\t\t\t\t\t\t\t\t\t\t\t\t<svg aria-hidden=\"true\" class=\"e-font-icon-svg e-fab-linkedin\" viewBox=\"0 0 448 512\" xmlns=\"http:\/\/www.w3.org\/2000\/svg\"><path d=\"M416 32H31.9C14.3 32 0 46.5 0 64.3v383.4C0 465.5 14.3 480 31.9 480H416c17.6 0 32-14.5 32-32.3V64.3c0-17.8-14.4-32.3-32-32.3zM135.4 416H69V202.2h66.5V416zm-33.2-243c-21.3 0-38.5-17.3-38.5-38.5S80.9 96 102.2 96c21.2 0 38.5 17.3 38.5 38.5 0 21.3-17.2 38.5-38.5 38.5zm282.1 243h-66.4V312c0-24.8-.5-56.7-34.5-56.7-34.6 0-39.9 27-39.9 54.9V416h-66.4V202.2h63.7v29.2h.9c8.9-16.8 30.6-34.5 62.9-34.5 67.2 0 79.7 44.3 79.7 101.9V416z\"><\/path><\/svg>\t\t\t\t\t\t\t\t\t\t\t\t\t\t\t\t\t\t\t\t\t<\/a>\n\t\t\t\t\t\t\t\t\t<\/li>\n\t\t\t\t\t\t\t\t\t\t\t\t\t\t\t\t\t\t\t\t\t<\/ul>\n\t\t\t\t\t\t\t\t\t\t<p class=\"eael-team-text\">Fondateur du cabinet ViZ\u00e9, accompagnement des entreprises dans leur d\u00e9veloppement, m\u00e9thodologie rigoureuse et regard neuf pour l\u2019atteinte de leurs objectifs en mati\u00e8re de HSE, Comptabilit\u00e9 Climatique, Assistance en Sant\u00e9 et S\u00e9curit\u00e9 au travail et Environnement <\/p>\n\t\t\t\t\t\t\t<\/div>\n\t\t<\/div>\n\t<\/div>\n\t\t\t\t\t<\/div>\n\t\t\t\t<\/div>\n\t\t\t\t<\/div>\n\t\t<div class=\"elementor-element elementor-element-aff7c8e e-con-full elementor-hidden-desktop elementor-hidden-tablet elementor-hidden-mobile e-flex e-con e-child\" data-id=\"aff7c8e\" data-element_type=\"container\" data-e-type=\"container\">\n\t\t\t\t<div class=\"elementor-element elementor-element-5b10e4c eael-team-align-eael-team-align-default elementor-widget elementor-widget-eael-team-member\" data-id=\"5b10e4c\" data-element_type=\"widget\" data-e-type=\"widget\" data-widget_type=\"eael-team-member.default\">\n\t\t\t\t<div class=\"elementor-widget-container\">\n\t\t\t\t\t\n\n\t<div id=\"eael-team-member-5b10e4c\" class=\"eael-team-item eael-team-members-simple \">\n\t\t<div class=\"eael-team-item-inner\">\n\t\t\t<div class=\"eael-team-image\">\n\t\t\t\t<figure>\n\t\t\t\t\t\t\t\t\t\t<img decoding=\"async\" src=\"https:\/\/veinterface.com\/wp-content\/uploads\/2024\/03\/p1.png\" alt=\"\">\n\t\t\t\t\t\t\t\t\t<\/figure>\n\t\t\t\t\n\t\t\t\t\n\t\t\t<\/div>\n\n\t\t\t<div class=\"eael-team-content\">\n\t\t\t\t<h2 class=\"eael-team-member-name\">Ian BECK<\/h2><h3 class=\"eael-team-member-position\">Software Engineer<\/h3>\n\t\t\t\t\t\t\t\t\t\t\t\t\t\t\t<ul class=\"eael-team-member-social-profiles\">\n\t\t\t\t\t\t\t\t\t\t\t\t\t\t\t\t\t\t\t\t\t\t\t\t\t\t\t\t\t\t\t\t\t\t\t\t\t\t\t\t\t<li class=\"eael-team-member-social-link\">\n\t\t\t\t\t\t\t\t\t\t<a href=\"https:\/\/www.linkedin.com\/in\/ian-beck-a541a18\/\" target=\"_blank\" rel=\"noopener noreferrer nofollow\">\n\t\t\t\t\t\t\t\t\t\t\t\t\t\t\t\t\t\t\t\t\t\t\t<svg aria-hidden=\"true\" class=\"e-font-icon-svg e-fab-linkedin\" viewBox=\"0 0 448 512\" xmlns=\"http:\/\/www.w3.org\/2000\/svg\"><path d=\"M416 32H31.9C14.3 32 0 46.5 0 64.3v383.4C0 465.5 14.3 480 31.9 480H416c17.6 0 32-14.5 32-32.3V64.3c0-17.8-14.4-32.3-32-32.3zM135.4 416H69V202.2h66.5V416zm-33.2-243c-21.3 0-38.5-17.3-38.5-38.5S80.9 96 102.2 96c21.2 0 38.5 17.3 38.5 38.5 0 21.3-17.2 38.5-38.5 38.5zm282.1 243h-66.4V312c0-24.8-.5-56.7-34.5-56.7-34.6 0-39.9 27-39.9 54.9V416h-66.4V202.2h63.7v29.2h.9c8.9-16.8 30.6-34.5 62.9-34.5 67.2 0 79.7 44.3 79.7 101.9V416z\"><\/path><\/svg>\t\t\t\t\t\t\t\t\t\t\t\t\t\t\t\t\t\t\t\t\t<\/a>\n\t\t\t\t\t\t\t\t\t<\/li>\n\t\t\t\t\t\t\t\t\t\t\t\t\t\t\t\t\t\t\t\t\t<\/ul>\n\t\t\t\t\t\t\t\t\t\t<p class=\"eael-team-text\">Add team member description here. Remove the text if not necessary.<\/p>\n\t\t\t\t\t\t\t<\/div>\n\t\t<\/div>\n\t<\/div>\n\t\t\t\t\t<\/div>\n\t\t\t\t<\/div>\n\t\t\t\t<\/div>\n\t\t\t\t\t<\/div>\n\t\t\t\t<\/div>\n\t\t\t\t<\/div>\n\t\t","protected":false},"excerpt":{"rendered":"<p>Partenariats et collaborations : d\u00e9couvrez l\u2019\u00e9cosyst\u00e8me de VE Interface et comment nous travaillons avec les entreprises innovantes.<\/p>\n","protected":false},"author":1,"featured_media":0,"parent":0,"menu_order":0,"comment_status":"closed","ping_status":"closed","template":"","meta":{"site-sidebar-layout":"no-sidebar","site-content-layout":"","ast-site-content-layout":"full-width-container","site-content-style":"default","site-sidebar-style":"default","ast-global-header-display":"","ast-banner-title-visibility":"","ast-main-header-display":"","ast-hfb-above-header-display":"","ast-hfb-below-header-display":"","ast-hfb-mobile-header-display":"","site-post-title":"disabled","ast-breadcrumbs-content":"","ast-featured-img":"disabled","footer-sml-layout":"","ast-disable-related-posts":"","theme-transparent-header-meta":"","adv-header-id-meta":"","stick-header-meta":"","header-above-stick-meta":"","header-main-stick-meta":"","header-below-stick-meta":"","astra-migrate-meta-layouts":"default","ast-page-background-enabled":"default","ast-page-background-meta":{"desktop":{"background-color":"var(--ast-global-color-4)","background-image":"","background-repeat":"repeat","background-position":"center center","background-size":"auto","background-attachment":"scroll","background-type":"","background-media":"","overlay-type":"","overlay-color":"","overlay-opacity":"","overlay-gradient":""},"tablet":{"background-color":"","background-image":"","background-repeat":"repeat","background-position":"center center","background-size":"auto","background-attachment":"scroll","background-type":"","background-media":"","overlay-type":"","overlay-color":"","overlay-opacity":"","overlay-gradient":""},"mobile":{"background-color":"","background-image":"","background-repeat":"repeat","background-position":"center center","background-size":"auto","background-attachment":"scroll","background-type":"","background-media":"","overlay-type":"","overlay-color":"","overlay-opacity":"","overlay-gradient":""}},"ast-content-background-meta":{"desktop":{"background-color":"var(--ast-global-color-5)","background-image":"","background-repeat":"repeat","background-position":"center center","background-size":"auto","background-attachment":"scroll","background-type":"","background-media":"","overlay-type":"","overlay-color":"","overlay-opacity":"","overlay-gradient":""},"tablet":{"background-color":"var(--ast-global-color-5)","background-image":"","background-repeat":"repeat","background-position":"center center","background-size":"auto","background-attachment":"scroll","background-type":"","background-media":"","overlay-type":"","overlay-color":"","overlay-opacity":"","overlay-gradient":""},"mobile":{"background-color":"var(--ast-global-color-5)","background-image":"","background-repeat":"repeat","background-position":"center center","background-size":"auto","background-attachment":"scroll","background-type":"","background-media":"","overlay-type":"","overlay-color":"","overlay-opacity":"","overlay-gradient":""}},"footnotes":""},"class_list":["post-320","page","type-page","status-publish","hentry"],"_links":{"self":[{"href":"https:\/\/veinterface.com\/index.php\/wp-json\/wp\/v2\/pages\/320","targetHints":{"allow":["GET"]}}],"collection":[{"href":"https:\/\/veinterface.com\/index.php\/wp-json\/wp\/v2\/pages"}],"about":[{"href":"https:\/\/veinterface.com\/index.php\/wp-json\/wp\/v2\/types\/page"}],"author":[{"embeddable":true,"href":"https:\/\/veinterface.com\/index.php\/wp-json\/wp\/v2\/users\/1"}],"replies":[{"embeddable":true,"href":"https:\/\/veinterface.com\/index.php\/wp-json\/wp\/v2\/comments?post=320"}],"version-history":[{"count":5,"href":"https:\/\/veinterface.com\/index.php\/wp-json\/wp\/v2\/pages\/320\/revisions"}],"predecessor-version":[{"id":993,"href":"https:\/\/veinterface.com\/index.php\/wp-json\/wp\/v2\/pages\/320\/revisions\/993"}],"wp:attachment":[{"href":"https:\/\/veinterface.com\/index.php\/wp-json\/wp\/v2\/media?parent=320"}],"curies":[{"name":"wp","href":"https:\/\/api.w.org\/{rel}","templated":true}]}}