{"id":934,"date":"2025-04-07T16:00:19","date_gmt":"2025-04-07T14:00:19","guid":{"rendered":"https:\/\/veinterface.com\/?page_id=934"},"modified":"2026-03-27T15:42:50","modified_gmt":"2026-03-27T14:42:50","slug":"mention-legales","status":"publish","type":"page","link":"https:\/\/veinterface.com\/index.php\/mention-legales\/","title":{"rendered":"Mention l\u00e9gales"},"content":{"rendered":"<p align=\"justify\"><u><b>\u00c9diteur du site<\/b><\/u><\/p>\n<p align=\"justify\">Nom ou raison sociale\u00a0: VE Interface<\/p>\n<p align=\"justify\">Adresse\u00a0:<\/p>\n<p align=\"justify\">T\u00e9l\u00e9phone\u00a0: 06 76 03 16 45<\/p>\n<p align=\"justify\">Email : contact@veinterface.com<\/p>\n<p align=\"justify\">Forme juridique\u00a0:<\/p>\n<p align=\"justify\">Num\u00e9ro d\u2019immatriculation\u00a0:<\/p>\n<p align=\"justify\">Directeur(s) de la publication\u00a0:<\/p>\n<p align=\"justify\"><u><b>H\u00e9bergeur<\/b><\/u><\/p>\n<p align=\"justify\">Nom\u00a0: EC-Webdesign<\/p>\n<p align=\"justify\">Adresse\u00a0: 111 chemin de girousse, 31140 Longages<\/p>\n<p>T\u00e9l\u00e9phone\u00a0: 06 02 71 19 87<\/p>\n<p align=\"justify\"><u><b>Conditions d\u2019utilisations<\/b><\/u><\/p>\n<p align=\"justify\">Les conditions d\u2019utilisations conduisent \u00e0 l\u2019acc\u00e8s et \u00e0 l\u2019utilisation du site VE interface accessible \u00e0 l\u2019adresse suivante\u00a0: <a href=\"https:\/\/veinterface.com\/\">https:\/\/veinterface.com<\/a>. En utilisant ce site, vous acceptez ses conditions d\u2019utilisation. Dans le cas contraire, veuillez ne pas utiliser ce site.<\/p>\n<ul>\n<li>\n<p align=\"justify\"><b>Acc\u00e8s au site<\/b><\/p>\n<\/li>\n<\/ul>\n<p align=\"justify\">L\u2019acc\u00e8s au site est r\u00e9serv\u00e9 aux utilisateurs disposant d\u2019un acc\u00e8s \u00e0 internet. Tous les frais occasionn\u00e9s par cet acc\u00e8s (mat\u00e9riel informatique, abonnement, \u2026) sont \u00e0 la charge des utilisateurs.<\/p>\n<p align=\"justify\">VE Interface se donne le droit de modifier, de suspendre ou interrompre l\u2019acc\u00e8s au site, \u00e0 tout moment et sans pr\u00e9avis, notamment pour des raisons de maintenance ou de mise \u00e0 jour.<\/p>\n<ul>\n<li>\n<p align=\"justify\"><b>Propri\u00e9t\u00e9 intellectuelle <\/b><\/p>\n<\/li>\n<\/ul>\n<p align=\"justify\">L\u2019ensemble du contenu du site VE Interface (textes, images, logo, vid\u00e9os,\u2026) est prot\u00e9g\u00e9 par des droits de propri\u00e9t\u00e9 intellectuelle, c\u2019est \u00e0 dire que c\u2019est la propri\u00e9t\u00e9 exclusive de VE Interface. Toute tentative de reproduction, modification ou distribution \u00e0 des fins commerciales est strictement interdite sans l\u2019accord pr\u00e9alable de VE Interface. Toute violation pourra donner lieu \u00e0 des poursuites judiciaires.<\/p>\n<ul>\n<li>\n<p align=\"justify\">\n<\/li>\n<\/ul>\n<ul>\n<li>\n<p align=\"justify\"><b>Responsabilit\u00e9 de l\u2019\u00e9diteur <\/b><\/p>\n<\/li>\n<\/ul>\n<p align=\"justify\"><a name=\"__DdeLink__2_2154187230\"><\/a>VE Interface ne saurai \u00eatre tenu responsable des erreurs, dysfonctionnement ou interruption du site, ni des dommages directs ou indirects r\u00e9sultant de son utilisation. L\u2019\u00e9diteur d\u00e9cline \u00e9galement toute responsabilit\u00e9 quant aux contenus des sites tiers accessible via des liens hypertextes pr\u00e9sents sur le site.<\/p>\n<ul>\n<li>\n<p align=\"justify\"><b>Responsabilit\u00e9 de l\u2019utilisateur <\/b><\/p>\n<\/li>\n<\/ul>\n<p>L\u2019utilisateur s\u2019engage \u00e0 utiliser le site conform\u00e9ment \u00e0 ce pour quoi il a \u00e9t\u00e9 cr\u00e9er\u00a0: retrouver toutes informations sur l\u2019activit\u00e9 de VE Interface. Ce dernier s\u2019engage aussi \u00e0 ne pas utiliser le site pour diffuser des contenus ill\u00e9gaux, diffamatoire, obsc\u00e8nes ou offensants, de perturber le bon fonctionnement du site, de tenter d\u2019acc\u00e9der de mani\u00e8re non autoris\u00e9e aux syst\u00e8mes, donn\u00e9es ou informations pr\u00e9sents sur le site.<\/p>\n<p align=\"justify\"><u><b>Politique de confidentialit\u00e9<\/b><\/u><\/p>\n<ul>\n<li>\n<p align=\"justify\"><b>Protection des donn\u00e9es personnelles<\/b><\/p>\n<\/li>\n<\/ul>\n<p align=\"justify\">VE Interface peut collecter certaines de vos donn\u00e9es personnelles dans le cadre des services propos\u00e9s. Le traitement de ces donn\u00e9es est soumis \u00e0 votre consentement et \u00e0 notre engagement en mati\u00e8re de protection de donn\u00e9es. Vos donn\u00e9es personnelles sont conserv\u00e9s pour une dur\u00e9e maximale de 3 ans apr\u00e8s le dernier contact avec VE Interface sauf obligation l\u00e9gale contraire.<\/p>\n<p align=\"justify\"><a name=\"__DdeLink__170_1365053548\"><\/a>Conform\u00e9ment \u00e0 la loi Informatique et Libert\u00e9s du 6 janvier 1978 et au R\u00e8glement G\u00e9n\u00e9ral sur la Protection des Donn\u00e9es (RGPD), vous disposez d&rsquo;un droit d&rsquo;acc\u00e8s, de rectification, de suppression, de portabilit\u00e9 et d&rsquo;opposition concernant vos donn\u00e9es personnelles. Pour exercer ces droits, vous pouvez contacter VE Interface \u00e0 l\u2019adresse suivante\u00a0: adresse mail<\/p>\n<ul>\n<li>\n<p align=\"justify\"><b>Les cookies <\/b><\/p>\n<\/li>\n<\/ul>\n<p align=\"justify\">Un cookie est un fichier d\u00e9pos\u00e9 temporairement ou pour une dur\u00e9e ind\u00e9termin\u00e9e sur votre outil num\u00e9rique (ordinateur, tablette, smartphone, \u2026) lors de votre utilisation de notre site internet.<\/p>\n<p align=\"justify\">Notre site utilise des cookies \u00e0 des fins statistiques et de l\u2019am\u00e9lioration de l\u2019exp\u00e9rience utilisateur. Certains cookies sont d\u00e9pos\u00e9s par des tiers (ex\u00a0: Google, Analytics). Vous pouvez g\u00e9rer vos pr\u00e9f\u00e9rences via le bandeau de gestion des cookies ou directement depuis votre navigateur.<\/p>\n<p align=\"justify\"><b>Consentement \u00e0 l\u2019utilisation des cookies <\/b><\/p>\n<p align=\"justify\">Lorsque vous naviguez sur notre site internet, un bandeau s\u2019affichera afin de vous informer sur l\u2019utilisation des cookies. En poursuivant votre navigation, vous consentez \u00e0 l\u2019utilisation des cookies. Vous avez la possibilit\u00e9 de g\u00e9rer vos pr\u00e9f\u00e9rences sur votre navigateur.<\/p>\n<p align=\"justify\"><b>Comment g\u00e9rer vos pr\u00e9f\u00e9rences de cookies\u00a0? <\/b><\/p>\n<p align=\"justify\">Vous avez la possibilit\u00e9 de g\u00e9rer vos pr\u00e9f\u00e9rences de cookies en acc\u00e9dant au panneau de gestion accessible depuis notre site. IL vous permettra d\u2019accepter ou de refuser certains cookies. Vous pouvez \u00e9galement g\u00e9rer les cookies \u00e0 partir de votre navigateur (Chrome, Mozila, Safari, Edge, \u2026).<\/p>\n<p align=\"justify\"><b>Dur\u00e9e de conservation des cookies <\/b><\/p>\n<p align=\"justify\">La dur\u00e9e des cookies a une dur\u00e9e de vie limit\u00e9e, qui varie selon le type\u00a0:<\/p>\n<p align=\"justify\"><b>Les cookies de session\u00a0:<\/b> Ces cookies sont temporaires et sont supprim\u00e9s d\u00e8s que vous fermez votre navigateur.<\/p>\n<p align=\"justify\"><b>Cookies persistants\u00a0:<\/b> Ces cookies restent sur votre appareil pendant une p\u00e9riode d\u00e9termin\u00e9e apr\u00e8s votre visite et sont utilis\u00e9s pour m\u00e9moriser vos pr\u00e9f\u00e9rences lors de vos prochaines visites.<\/p>\n","protected":false},"excerpt":{"rendered":"<p>Mentions l\u00e9gales de VE Interface. Retrouvez toutes les informations juridiques et administratives concernant notre plateforme technologique.<\/p>\n","protected":false},"author":1,"featured_media":0,"parent":0,"menu_order":0,"comment_status":"closed","ping_status":"closed","template":"","meta":{"site-sidebar-layout":"no-sidebar","site-content-layout":"","ast-site-content-layout":"full-width-container","site-content-style":"default","site-sidebar-style":"default","ast-global-header-display":"","ast-banner-title-visibility":"","ast-main-header-display":"","ast-hfb-above-header-display":"","ast-hfb-below-header-display":"","ast-hfb-mobile-header-display":"","site-post-title":"disabled","ast-breadcrumbs-content":"","ast-featured-img":"disabled","footer-sml-layout":"","ast-disable-related-posts":"","theme-transparent-header-meta":"","adv-header-id-meta":"","stick-header-meta":"","header-above-stick-meta":"","header-main-stick-meta":"","header-below-stick-meta":"","astra-migrate-meta-layouts":"default","ast-page-background-enabled":"default","ast-page-background-meta":{"desktop":{"background-color":"var(--ast-global-color-4)","background-image":"","background-repeat":"repeat","background-position":"center center","background-size":"auto","background-attachment":"scroll","background-type":"","background-media":"","overlay-type":"","overlay-color":"","overlay-opacity":"","overlay-gradient":""},"tablet":{"background-color":"","background-image":"","background-repeat":"repeat","background-position":"center center","background-size":"auto","background-attachment":"scroll","background-type":"","background-media":"","overlay-type":"","overlay-color":"","overlay-opacity":"","overlay-gradient":""},"mobile":{"background-color":"","background-image":"","background-repeat":"repeat","background-position":"center center","background-size":"auto","background-attachment":"scroll","background-type":"","background-media":"","overlay-type":"","overlay-color":"","overlay-opacity":"","overlay-gradient":""}},"ast-content-background-meta":{"desktop":{"background-color":"var(--ast-global-color-5)","background-image":"","background-repeat":"repeat","background-position":"center center","background-size":"auto","background-attachment":"scroll","background-type":"","background-media":"","overlay-type":"","overlay-color":"","overlay-opacity":"","overlay-gradient":""},"tablet":{"background-color":"var(--ast-global-color-5)","background-image":"","background-repeat":"repeat","background-position":"center center","background-size":"auto","background-attachment":"scroll","background-type":"","background-media":"","overlay-type":"","overlay-color":"","overlay-opacity":"","overlay-gradient":""},"mobile":{"background-color":"var(--ast-global-color-5)","background-image":"","background-repeat":"repeat","background-position":"center center","background-size":"auto","background-attachment":"scroll","background-type":"","background-media":"","overlay-type":"","overlay-color":"","overlay-opacity":"","overlay-gradient":""}},"footnotes":""},"class_list":["post-934","page","type-page","status-publish","hentry"],"_links":{"self":[{"href":"https:\/\/veinterface.com\/index.php\/wp-json\/wp\/v2\/pages\/934","targetHints":{"allow":["GET"]}}],"collection":[{"href":"https:\/\/veinterface.com\/index.php\/wp-json\/wp\/v2\/pages"}],"about":[{"href":"https:\/\/veinterface.com\/index.php\/wp-json\/wp\/v2\/types\/page"}],"author":[{"embeddable":true,"href":"https:\/\/veinterface.com\/index.php\/wp-json\/wp\/v2\/users\/1"}],"replies":[{"embeddable":true,"href":"https:\/\/veinterface.com\/index.php\/wp-json\/wp\/v2\/comments?post=934"}],"version-history":[{"count":5,"href":"https:\/\/veinterface.com\/index.php\/wp-json\/wp\/v2\/pages\/934\/revisions"}],"predecessor-version":[{"id":994,"href":"https:\/\/veinterface.com\/index.php\/wp-json\/wp\/v2\/pages\/934\/revisions\/994"}],"wp:attachment":[{"href":"https:\/\/veinterface.com\/index.php\/wp-json\/wp\/v2\/media?parent=934"}],"curies":[{"name":"wp","href":"https:\/\/api.w.org\/{rel}","templated":true}]}}